{"id":1351,"date":"2020-04-06T12:23:58","date_gmt":"2020-04-06T15:23:58","guid":{"rendered":"http:\/\/www.particolare.com.br\/loja\/?post_type=product&#038;p=1351"},"modified":"2020-04-06T12:24:59","modified_gmt":"2020-04-06T15:24:59","slug":"brasil-icones-arquitetura-e-decoracao","status":"publish","type":"product","link":"https:\/\/www.particolare.com.br\/loja\/produto\/brasil-icones-arquitetura-e-decoracao\/","title":{"rendered":"BRASIL ICONES &#8211; ARQUITETURA E DECORACAO"},"content":{"rendered":"<p>Pe\u00e7a: BRASIL ICONES &#8211; ARQUITETURA E DECORACAO<\/p>\n<p>Detalhes:<\/p>\n<p>Dimens\u00f5es: 25,5cm x 35,5cm x 4,5cm<br \/>\nQualidade e Manufatura Nacional. Este livro \u00e9 uma homenagem ao talento. \u00c9 um reconhecimento aos brasileiros que tra\u00e7a linhas e volumes, e cria beleza e espa\u00e7os de vida.<\/p>\n<p>Cor: Variado<br \/>\nTamanho: \u00danico<\/p>\n<p>Suporte (SAC):<\/p>\n<p>Perguntas? Estamos aqui para ajudar:<\/p>\n<p>Email: contato@particolare.com.br<br \/>\nFone: +55 81 30323296<\/p>\n","protected":false},"excerpt":{"rendered":"<p>Pe\u00e7a: BRASIL ICONES &#8211; ARQUITETURA E DECORACAO<\/p>\n<p>Detalhes:<\/p>\n<p>Dimens\u00f5es: 25,5cm x 35,5cm x 4,5cm<br \/>\nQualidade e Manufatura Nacional. Este livro \u00e9 uma homenagem ao talento. \u00c9 um reconhecimento aos brasileiros que tra\u00e7a linhas e volumes, e cria beleza e espa\u00e7os de vida.<\/p>\n<p>Cor: Variado<br \/>\nTamanho: \u00danico<\/p>\n<p>Suporte (SAC):<\/p>\n<p>Perguntas? Estamos aqui para ajudar:<\/p>\n<p>Email: contato@particolare.com.br<br \/>\nFone: +55 81 30323296<\/p>\n","protected":false},"featured_media":1352,"comment_status":"closed","ping_status":"closed","template":"","meta":[],"product_cat":[58],"product_tag":[74,125],"_links":{"self":[{"href":"https:\/\/www.particolare.com.br\/loja\/wp-json\/wp\/v2\/product\/1351"}],"collection":[{"href":"https:\/\/www.particolare.com.br\/loja\/wp-json\/wp\/v2\/product"}],"about":[{"href":"https:\/\/www.particolare.com.br\/loja\/wp-json\/wp\/v2\/types\/product"}],"replies":[{"embeddable":true,"href":"https:\/\/www.particolare.com.br\/loja\/wp-json\/wp\/v2\/comments?post=1351"}],"wp:featuredmedia":[{"embeddable":true,"href":"https:\/\/www.particolare.com.br\/loja\/wp-json\/wp\/v2\/media\/1352"}],"wp:attachment":[{"href":"https:\/\/www.particolare.com.br\/loja\/wp-json\/wp\/v2\/media?parent=1351"}],"wp:term":[{"taxonomy":"product_cat","embeddable":true,"href":"https:\/\/www.particolare.com.br\/loja\/wp-json\/wp\/v2\/product_cat?post=1351"},{"taxonomy":"product_tag","embeddable":true,"href":"https:\/\/www.particolare.com.br\/loja\/wp-json\/wp\/v2\/product_tag?post=1351"}],"curies":[{"name":"wp","href":"https:\/\/api.w.org\/{rel}","templated":true}]}}