{"id":872,"date":"2016-08-05T11:00:21","date_gmt":"2016-08-05T14:00:21","guid":{"rendered":"http:\/\/www.particolare.com.br\/loja\/?post_type=product&#038;p=872"},"modified":"2019-07-26T11:04:49","modified_gmt":"2019-07-26T14:04:49","slug":"vaso-notilde-g","status":"publish","type":"product","link":"https:\/\/www.particolare.com.br\/loja\/produto\/vaso-notilde-g\/","title":{"rendered":"Vaso Notilde G"},"content":{"rendered":"<p>Pe\u00e7a: Vaso Notilde G<\/p>\n<p>Detalhes:<\/p>\n<p>Dimens\u00f5es: 16cm x 18cm<br \/>\nQualidade e Manufatura Europ\u00e9ia. Vaso em cer\u00e2mica com detalhe met\u00e1lico.<\/p>\n<p>Cores: Branco<br \/>\nTamanho: G<\/p>\n<p>Suporte (SAC):<\/p>\n<p>Perguntas? Estamos aqui para ajudar:<\/p>\n<p>Email: contato@particolare.com.br<br \/>\nFone: +55 81 30323296<\/p>\n","protected":false},"excerpt":{"rendered":"<p>Pe\u00e7a: Vaso Notilde G<\/p>\n<p>Detalhes:<\/p>\n<p>Dimens\u00f5es: 16cm x 18cm<br \/>\nQualidade e Manufatura Europ\u00e9ia. Vaso em cer\u00e2mica com detalhe met\u00e1lico.<\/p>\n<p>Cores: Branco<br \/>\nTamanho: G<\/p>\n<p>Suporte (SAC):<\/p>\n<p>Perguntas? Estamos aqui para ajudar:<\/p>\n<p>Email: contato@particolare.com.br<br \/>\nFone: +55 81 30323296<\/p>\n","protected":false},"featured_media":859,"comment_status":"closed","ping_status":"closed","template":"","meta":[],"product_cat":[16],"product_tag":[84,29,70],"_links":{"self":[{"href":"https:\/\/www.particolare.com.br\/loja\/wp-json\/wp\/v2\/product\/872"}],"collection":[{"href":"https:\/\/www.particolare.com.br\/loja\/wp-json\/wp\/v2\/product"}],"about":[{"href":"https:\/\/www.particolare.com.br\/loja\/wp-json\/wp\/v2\/types\/product"}],"replies":[{"embeddable":true,"href":"https:\/\/www.particolare.com.br\/loja\/wp-json\/wp\/v2\/comments?post=872"}],"wp:featuredmedia":[{"embeddable":true,"href":"https:\/\/www.particolare.com.br\/loja\/wp-json\/wp\/v2\/media\/859"}],"wp:attachment":[{"href":"https:\/\/www.particolare.com.br\/loja\/wp-json\/wp\/v2\/media?parent=872"}],"wp:term":[{"taxonomy":"product_cat","embeddable":true,"href":"https:\/\/www.particolare.com.br\/loja\/wp-json\/wp\/v2\/product_cat?post=872"},{"taxonomy":"product_tag","embeddable":true,"href":"https:\/\/www.particolare.com.br\/loja\/wp-json\/wp\/v2\/product_tag?post=872"}],"curies":[{"name":"wp","href":"https:\/\/api.w.org\/{rel}","templated":true}]}}